{"id":21,"date":"2022-06-22T18:53:05","date_gmt":"2022-06-22T16:53:05","guid":{"rendered":"https:\/\/soundbelt.de\/?page_id=21"},"modified":"2023-03-26T18:50:38","modified_gmt":"2023-03-26T16:50:38","slug":"startseite","status":"publish","type":"page","link":"https:\/\/soundbelt.de\/en\/","title":{"rendered":"Homepage"},"content":{"rendered":"<div class=\"wp-block-group\"><div class=\"wp-block-group__inner-container is-layout-flow wp-block-group-is-layout-flow\"><\/div><\/div>\n\n\n\n<div class=\"wp-block-cover alignfull is-light has-parallax\" style=\"min-height:633px;aspect-ratio:unset;\"><span aria-hidden=\"true\" class=\"wp-block-cover__background has-neve-link-color-background-color has-background-dim-20 has-background-dim\"><\/span><div role=\"img\" class=\"wp-block-cover__image-background wp-image-652 has-parallax\" style=\"background-position:50% 50%;background-image:url(https:\/\/soundbelt.de\/wp-content\/uploads\/2023\/03\/soundbelt_premium_rot-1-scaled.jpeg)\"><\/div><div class=\"wp-block-cover__inner-container is-layout-flow wp-block-cover-is-layout-flow\">\n<div style=\"height:80px\" aria-hidden=\"true\" class=\"wp-block-spacer\"><\/div>\n\n\n\n<h1 class=\"has-text-align-center has-text-color wp-block-heading\" style=\"color:#121212\"><mark style=\"background-color:rgba(0, 0, 0, 0);color:#ff0000\" class=\"has-inline-color\">This Belt saves your Party Life!<\/mark><\/h1>\n\n\n\n<div class=\"wp-block-group alignwide is-vertical is-content-justification-center is-layout-flex wp-container-core-group-is-layout-4b2eccd6 wp-block-group-is-layout-flex\">\n<p class=\"has-text-align-center has-nv-site-bg-color has-text-color has-medium-font-size\">Make your Soundboks portable with Soundbelt.<\/p>\n\n\n\n<p class=\"has-text-align-center has-nv-site-bg-color has-text-color has-medium-font-size\">Saves your Back and your bank account!<\/p>\n<\/div>\n\n\n\n<div style=\"height:80px\" aria-hidden=\"true\" class=\"wp-block-spacer\"><\/div>\n<\/div><\/div>\n\n\n\n<p><\/p>\n\n\n\n<div class=\"wp-block-columns is-layout-flex wp-container-core-columns-is-layout-9d6595d7 wp-block-columns-is-layout-flex\">\n<div class=\"wp-block-column is-layout-flow wp-block-column-is-layout-flow\">\n<h3 class=\"has-text-align-center has-neve-text-color-color has-text-color wp-block-heading\"><mark style=\"background-color:rgba(0, 0, 0, 0);color:#ff0000\" class=\"has-inline-color\">Low-priced<\/mark><mark style=\"background-color:rgba(0, 0, 0, 0)\" class=\"has-inline-color has-nv-dark-bg-color\">.<\/mark><\/h3>\n\n\n\n<p class=\"has-text-align-center\">Soundbelts are starting at 35\u20ac \u2013 and it's your choice which colour you take! Your tremendous advantage: with Soundbelt you can just put your Soundboks on your back and use it like a backpack. Absolutely comfortable!<\/p>\n\n\n\n<div style=\"height:20px\" aria-hidden=\"true\" class=\"wp-block-spacer\"><\/div>\n<\/div>\n\n\n\n<div class=\"wp-block-column is-layout-flow wp-block-column-is-layout-flow\">\n<h3 class=\"has-text-align-center has-neve-text-color-color has-text-color wp-block-heading\"><mark style=\"background-color:rgba(0, 0, 0, 0);color:#ff0000\" class=\"has-inline-color\">Practically<\/mark><mark style=\"background-color:rgba(0, 0, 0, 0)\" class=\"has-inline-color has-nv-dark-bg-color\">.<\/mark><\/h3>\n\n\n\n<p class=\"has-text-align-center\">Unsere Tragegurte aus Baumwolle kannst du ganz einfach an deiner R\u00fcckseite deiner Soundboks befestigen. Mit der Schnalle stellst du deinen Soundbelt dann ganz bequem auf deine Gr\u00f6\u00dfe ein. Was will man mehr?<\/p>\n\n\n\n<div style=\"height:20px\" aria-hidden=\"true\" class=\"wp-block-spacer\"><\/div>\n<\/div>\n\n\n\n<div class=\"wp-block-column is-layout-flow wp-block-column-is-layout-flow\">\n<h3 class=\"has-text-align-center has-neve-text-color-color has-text-color wp-block-heading\"><mark style=\"background-color:rgba(0, 0, 0, 0);color:#ff0000\" class=\"has-inline-color\">Handmade<\/mark><mark style=\"background-color:rgba(0, 0, 0, 0)\" class=\"has-inline-color has-nv-dark-bg-color\">.<\/mark><\/h3>\n\n\n\n<p class=\"has-text-align-center\">Soundbelt Tragegurte werden in Hamburg produziert und in die ganze Welt versendet. Dabei stehen wir im direkten Kontakt zu unseren Kunden und gehen gerne auch auf deine Fragen ein.<\/p>\n\n\n\n<div style=\"height:20px\" aria-hidden=\"true\" class=\"wp-block-spacer\"><\/div>\n<\/div>\n<\/div>\n\n\n\n<div class=\"wp-block-cover alignfull\" style=\"min-height:815px;aspect-ratio:unset;\"><span aria-hidden=\"true\" class=\"wp-block-cover__background has-nv-site-bg-background-color has-background-dim-100 has-background-dim\"><\/span><div class=\"wp-block-cover__inner-container is-layout-flow wp-block-cover-is-layout-flow\">\n<div class=\"wp-block-group\"><div class=\"wp-block-group__inner-container is-layout-flow wp-block-group-is-layout-flow\">\n<div style=\"height:80px\" aria-hidden=\"true\" class=\"wp-block-spacer\"><\/div>\n\n\n\n<div class=\"wp-block-columns are-vertically-aligned-center is-layout-flex wp-container-core-columns-is-layout-9d6595d7 wp-block-columns-is-layout-flex\">\n<div class=\"wp-block-column is-vertically-aligned-center is-layout-flow wp-block-column-is-layout-flow\" style=\"flex-basis:50%\"><div id=\"metaslider-id-69\" style=\"max-width: 450px; margin: 0 auto;\" class=\"ml-slider-3-27-5 metaslider metaslider-flex metaslider-69 ml-slider ms-theme-outline has-dots-nav\">\n    <div id=\"metaslider_container_69\">\n        <div id=\"metaslider_69\">\n            <ul aria-live=\"polite\" class=\"slides\">\n                <li style=\"display: block; width: 100%;\" class=\"slide-71 ms-image\"><a href=\"https:\/\/soundbelt.de\/en\/product\/soundbelt-schwarz\/\" target=\"_self\"><img loading=\"lazy\" decoding=\"async\" src=\"https:\/\/soundbelt.de\/wp-content\/uploads\/2022\/07\/IMG_9956-450x450.png\" height=\"450\" width=\"450\" alt=\"Soundbelt Soundboks Tragegurt Rucksack Schwarz\" class=\"slider-69 slide-71\" title=\"IMG_9956\" \/><\/a><div class=\"caption-wrap\"><div class=\"caption\">SOUNDBELT basic SCHWARZ<\/div><\/div><\/li>\n                <li style=\"display: none; width: 100%;\" class=\"slide-72 ms-image\"><a href=\"https:\/\/soundbelt.de\/en\/product\/soundbelt-gelb\/\" target=\"_self\"><img loading=\"lazy\" decoding=\"async\" src=\"https:\/\/soundbelt.de\/wp-content\/uploads\/2022\/11\/soundbelt_premium_gelb-scaled-450x450.jpeg\" height=\"450\" width=\"450\" alt=\"Soundbelt Soundboks Tragegurt Rucksack gelb\" class=\"slider-69 slide-72\" title=\"soundbelt_premium_gelb\" \/><\/a><div class=\"caption-wrap\"><div class=\"caption\">SOUNDBELT Premium YELLOW<\/div><\/div><\/li>\n                <li style=\"display: none; width: 100%;\" class=\"slide-73 ms-image\"><a href=\"https:\/\/soundbelt.de\/en\/product\/soundbelt-pink\/\" target=\"_self\"><img loading=\"lazy\" decoding=\"async\" src=\"https:\/\/soundbelt.de\/wp-content\/uploads\/2022\/11\/soundbelt_premium_pink-scaled-450x450.jpeg\" height=\"450\" width=\"450\" alt=\"Soundbelt Soundboks Tragegurt Rucksack pink\" class=\"slider-69 slide-73\" title=\"soundbelt_premium_pink\" \/><\/a><div class=\"caption-wrap\"><div class=\"caption\">SOUNDBELT Premium PINK<\/div><\/div><\/li>\n                <li style=\"display: none; width: 100%;\" class=\"slide-77 ms-image\"><a href=\"https:\/\/soundbelt.de\/en\/product\/soundbelt-rot\/\" target=\"_self\"><img loading=\"lazy\" decoding=\"async\" src=\"https:\/\/soundbelt.de\/wp-content\/uploads\/2022\/11\/soundbelt_premium_rot-scaled-450x450.jpeg\" height=\"450\" width=\"450\" alt=\"Soundbelt Soundboks Tragegurt Rucksack rot\" class=\"slider-69 slide-77\" title=\"soundbelt_premium_rot\" \/><\/a><div class=\"caption-wrap\"><div class=\"caption\">SOUNDBELT Premium RED<\/div><\/div><\/li>\n                <li style=\"display: none; width: 100%;\" class=\"slide-661 ms-image\"><a href=\"https:\/\/soundbelt.de\/en\/product\/soundbelt-basic-gruen\/\" target=\"_self\"><img loading=\"lazy\" decoding=\"async\" src=\"https:\/\/soundbelt.de\/wp-content\/uploads\/2022\/11\/soundbelt_premium_gruen-scaled-450x450.jpeg\" height=\"450\" width=\"450\" alt=\"Soundbelt Soundboks Tragegurt Rucksack gr\u00fcn\" class=\"slider-69 slide-661\" title=\"soundbelt_premium_gru\u0308n\" \/><\/a><div class=\"caption-wrap\"><div class=\"caption\">SOUNDBELT Premium GR\u00dcN<\/div><\/div><\/li>\n                <li style=\"display: none; width: 100%;\" class=\"slide-522 ms-image\"><a href=\"https:\/\/soundbelt.de\/en\/product\/soundbelt-pro-schwarz\/\" target=\"_self\"><img loading=\"lazy\" decoding=\"async\" src=\"https:\/\/soundbelt.de\/wp-content\/uploads\/2022\/10\/soundbeltpro2-scaled-450x450.jpeg\" height=\"450\" width=\"450\" alt=\"Soundbelt Soundboks Tragegurt Rucksack schwarz\" class=\"slider-69 slide-522\" title=\"soundbeltpro2\" \/><\/a><div class=\"caption-wrap\"><div class=\"caption\">SOUNDBELT pro BLACK<\/div><\/div><\/li>\n            <\/ul>\n        <\/div>\n        \n    <\/div>\n<\/div>\n<\/div>\n\n\n\n<div class=\"wp-block-column is-layout-flow wp-block-column-is-layout-flow\"><\/div>\n\n\n\n<div class=\"wp-block-column is-vertically-aligned-center is-layout-flow wp-block-column-is-layout-flow\" style=\"flex-basis:50%\">\n<h2 class=\"has-text-align-left has-neve-text-color-color has-text-color wp-block-heading\"><mark style=\"background-color:rgba(0, 0, 0, 0);color:#ff0000\" class=\"has-inline-color\">Your Advantages<\/mark><\/h2>\n\n\n\n<p class=\"has-text-align-left has-neve-text-color-color has-text-color translation-block\" style=\"font-size:17px\">\u2713 Handmade in Hamburg<\/p>\n\n\n\n<p class=\"has-text-align-left has-neve-text-color-color has-text-color translation-block\" style=\"font-size:17px\">\u2713 Choose from 4 different colour variants<\/p>\n\n\n\n<p class=\"has-text-align-left has-neve-text-color-color has-text-color translation-block\" style=\"font-size:17px\">\u2713 Compatible with Soundboks Go and Soundboks 2\/3<\/p>\n\n\n\n<p class=\"has-text-align-left has-neve-text-color-color has-text-color translation-block\" style=\"font-size:17px\">\u2713 Choose from basic, premium and pro backpacks<\/p>\n\n\n\n<p class=\"has-text-align-left has-neve-text-color-color has-text-color translation-block\" style=\"font-size:17px\">\u2713 Cheaper than original Soundboks backpacks<\/p>\n\n\n\n<div class=\"wp-block-buttons is-layout-flex wp-block-buttons-is-layout-flex\">\n<div class=\"wp-block-button\"><a class=\"wp-block-button__link has-background wp-element-button\" href=\"https:\/\/soundbelt.de\/en\/shop\/\" style=\"background-color:#ff0000\">SOUNDS GREAT!<\/a><\/div>\n<\/div>\n\n\n\n<div style=\"height:20px\" aria-hidden=\"true\" class=\"wp-block-spacer\"><\/div>\n<\/div>\n<\/div>\n\n\n\n<div style=\"height:40px\" aria-hidden=\"true\" class=\"wp-block-spacer\"><\/div>\n<\/div><\/div>\n<\/div><\/div>\n\n\n\n<div class=\"wp-block-group\"><div class=\"wp-block-group__inner-container is-layout-flow wp-block-group-is-layout-flow\"><\/div><\/div>\n\n\n\n<p><\/p>","protected":false},"excerpt":{"rendered":"<p>G\u00fcnstig. Soundbelts gibt es schon ab 35\u20ac \u2013 und daf\u00fcr hast du die Auswahl aus vier verschiedenen Farben! Dein gro\u00dfer Vorteil: mit Soundbelt kannst du dir deine Soundboks einfach auf den R\u00fccken schnallen. Absolut bequem! Praktisch. Unsere Tragegurte aus Baumwolle kannst du ganz einfach an deiner R\u00fcckseite deiner Soundboks befestigen. Mit der Schnalle stellst du&hellip;&nbsp;<a href=\"https:\/\/soundbelt.de\/en\/\" class=\"\" rel=\"bookmark\">Read More &raquo;<span class=\"screen-reader-text\">Homepage<\/span><\/a><\/p>","protected":false},"author":1,"featured_media":0,"parent":0,"menu_order":0,"comment_status":"closed","ping_status":"closed","template":"","meta":{"om_disable_all_campaigns":false,"_monsterinsights_skip_tracking":false,"_monsterinsights_sitenote_active":false,"_monsterinsights_sitenote_note":"","_monsterinsights_sitenote_category":0,"_uf_show_specific_survey":0,"_uf_disable_surveys":false,"neve_meta_sidebar":"","neve_meta_container":"default","neve_meta_enable_content_width":"on","neve_meta_content_width":100,"neve_meta_title_alignment":"left","neve_meta_author_avatar":"","neve_post_elements_order":"","neve_meta_disable_header":"","neve_meta_disable_footer":"","neve_meta_disable_title":"on","spay_email":"","footnotes":""},"class_list":["post-21","page","type-page","status-publish","hentry"],"aioseo_notices":[],"yoast_head":"<!-- This site is optimized with the Yoast SEO plugin v27.4 - https:\/\/yoast.com\/product\/yoast-seo-wordpress\/ -->\n<title>Startseite - Soundbelt % %<\/title>\n<meta name=\"description\" content=\"Soundbelt \u2013 der g\u00fcnstige Tragegurt f\u00fcr deine Soundboks. Schon ab 34,99.\u2013! Jetzt kaufen!\" \/>\n<meta name=\"robots\" content=\"index, follow, max-snippet:-1, max-image-preview:large, max-video-preview:-1\" \/>\n<link rel=\"canonical\" href=\"https:\/\/soundbelt.de\/en\/\" \/>\n<meta property=\"og:locale\" content=\"en_GB\" \/>\n<meta property=\"og:type\" content=\"article\" \/>\n<meta property=\"og:title\" content=\"Startseite - Soundbelt % %\" \/>\n<meta property=\"og:description\" content=\"Soundbelt \u2013 der g\u00fcnstige Tragegurt f\u00fcr deine Soundboks. Schon ab 34,99.\u2013! Jetzt kaufen!\" \/>\n<meta property=\"og:url\" content=\"https:\/\/soundbelt.de\/en\/\" \/>\n<meta property=\"og:site_name\" content=\"Soundbelt\" \/>\n<meta property=\"article:modified_time\" content=\"2023-03-26T16:50:38+00:00\" \/>\n<meta name=\"twitter:card\" content=\"summary_large_image\" \/>\n<meta name=\"twitter:label1\" content=\"Estimated reading time\" \/>\n\t<meta name=\"twitter:data1\" content=\"1 minute\" \/>\n<script type=\"application\/ld+json\" class=\"yoast-schema-graph\">{\"@context\":\"https:\\\/\\\/schema.org\",\"@graph\":[{\"@type\":\"WebPage\",\"@id\":\"https:\\\/\\\/soundbelt.de\\\/\",\"url\":\"https:\\\/\\\/soundbelt.de\\\/\",\"name\":\"Startseite - Soundbelt % %\",\"isPartOf\":{\"@id\":\"https:\\\/\\\/soundbelt.de\\\/#website\"},\"datePublished\":\"2022-06-22T16:53:05+00:00\",\"dateModified\":\"2023-03-26T16:50:38+00:00\",\"description\":\"Soundbelt \u2013 der g\u00fcnstige Tragegurt f\u00fcr deine Soundboks. Schon ab 34,99.\u2013! Jetzt kaufen!\",\"breadcrumb\":{\"@id\":\"https:\\\/\\\/soundbelt.de\\\/#breadcrumb\"},\"inLanguage\":\"en-GB\",\"potentialAction\":[{\"@type\":\"ReadAction\",\"target\":[\"https:\\\/\\\/soundbelt.de\\\/\"]}]},{\"@type\":\"BreadcrumbList\",\"@id\":\"https:\\\/\\\/soundbelt.de\\\/#breadcrumb\",\"itemListElement\":[{\"@type\":\"ListItem\",\"position\":1,\"name\":\"Startseite\",\"item\":\"https:\\\/\\\/soundbelt.de\\\/\"},{\"@type\":\"ListItem\",\"position\":2,\"name\":\"Startseite\"}]},{\"@type\":\"WebSite\",\"@id\":\"https:\\\/\\\/soundbelt.de\\\/#website\",\"url\":\"https:\\\/\\\/soundbelt.de\\\/\",\"name\":\"Soundbelt\",\"description\":\"\",\"publisher\":{\"@id\":\"https:\\\/\\\/soundbelt.de\\\/#organization\"},\"potentialAction\":[{\"@type\":\"SearchAction\",\"target\":{\"@type\":\"EntryPoint\",\"urlTemplate\":\"https:\\\/\\\/soundbelt.de\\\/?s={search_term_string}\"},\"query-input\":{\"@type\":\"PropertyValueSpecification\",\"valueRequired\":true,\"valueName\":\"search_term_string\"}}],\"inLanguage\":\"en-GB\"},{\"@type\":\"Organization\",\"@id\":\"https:\\\/\\\/soundbelt.de\\\/#organization\",\"name\":\"Soundbelt\",\"url\":\"https:\\\/\\\/soundbelt.de\\\/\",\"logo\":{\"@type\":\"ImageObject\",\"inLanguage\":\"en-GB\",\"@id\":\"https:\\\/\\\/soundbelt.de\\\/#\\\/schema\\\/logo\\\/image\\\/\",\"url\":\"https:\\\/\\\/soundbelt.de\\\/wp-content\\\/uploads\\\/2022\\\/06\\\/Bildschirmfoto-2022-06-10-um-20.33.50-2.png\",\"contentUrl\":\"https:\\\/\\\/soundbelt.de\\\/wp-content\\\/uploads\\\/2022\\\/06\\\/Bildschirmfoto-2022-06-10-um-20.33.50-2.png\",\"width\":531,\"height\":350,\"caption\":\"Soundbelt\"},\"image\":{\"@id\":\"https:\\\/\\\/soundbelt.de\\\/#\\\/schema\\\/logo\\\/image\\\/\"},\"sameAs\":[\"https:\\\/\\\/www.instagram.com\\\/soundbelt.de\\\/\"]}]}<\/script>\n<!-- \/ Yoast SEO plugin. -->","yoast_head_json":{"title":"Startseite - Soundbelt % %","description":"Soundbelt \u2013 der g\u00fcnstige Tragegurt f\u00fcr deine Soundboks. Schon ab 34,99.\u2013! Jetzt kaufen!","robots":{"index":"index","follow":"follow","max-snippet":"max-snippet:-1","max-image-preview":"max-image-preview:large","max-video-preview":"max-video-preview:-1"},"canonical":"https:\/\/soundbelt.de\/en\/","og_locale":"en_GB","og_type":"article","og_title":"Startseite - Soundbelt % %","og_description":"Soundbelt \u2013 der g\u00fcnstige Tragegurt f\u00fcr deine Soundboks. Schon ab 34,99.\u2013! Jetzt kaufen!","og_url":"https:\/\/soundbelt.de\/en\/","og_site_name":"Soundbelt","article_modified_time":"2023-03-26T16:50:38+00:00","twitter_card":"summary_large_image","twitter_misc":{"Estimated reading time":"1 minute"},"schema":{"@context":"https:\/\/schema.org","@graph":[{"@type":"WebPage","@id":"https:\/\/soundbelt.de\/","url":"https:\/\/soundbelt.de\/","name":"Startseite - Soundbelt % %","isPartOf":{"@id":"https:\/\/soundbelt.de\/#website"},"datePublished":"2022-06-22T16:53:05+00:00","dateModified":"2023-03-26T16:50:38+00:00","description":"Soundbelt \u2013 der g\u00fcnstige Tragegurt f\u00fcr deine Soundboks. Schon ab 34,99.\u2013! Jetzt kaufen!","breadcrumb":{"@id":"https:\/\/soundbelt.de\/#breadcrumb"},"inLanguage":"en-GB","potentialAction":[{"@type":"ReadAction","target":["https:\/\/soundbelt.de\/"]}]},{"@type":"BreadcrumbList","@id":"https:\/\/soundbelt.de\/#breadcrumb","itemListElement":[{"@type":"ListItem","position":1,"name":"Startseite","item":"https:\/\/soundbelt.de\/"},{"@type":"ListItem","position":2,"name":"Startseite"}]},{"@type":"WebSite","@id":"https:\/\/soundbelt.de\/#website","url":"https:\/\/soundbelt.de\/","name":"Soundbelt","description":"","publisher":{"@id":"https:\/\/soundbelt.de\/#organization"},"potentialAction":[{"@type":"SearchAction","target":{"@type":"EntryPoint","urlTemplate":"https:\/\/soundbelt.de\/?s={search_term_string}"},"query-input":{"@type":"PropertyValueSpecification","valueRequired":true,"valueName":"search_term_string"}}],"inLanguage":"en-GB"},{"@type":"Organization","@id":"https:\/\/soundbelt.de\/#organization","name":"Soundbelt","url":"https:\/\/soundbelt.de\/","logo":{"@type":"ImageObject","inLanguage":"en-GB","@id":"https:\/\/soundbelt.de\/#\/schema\/logo\/image\/","url":"https:\/\/soundbelt.de\/wp-content\/uploads\/2022\/06\/Bildschirmfoto-2022-06-10-um-20.33.50-2.png","contentUrl":"https:\/\/soundbelt.de\/wp-content\/uploads\/2022\/06\/Bildschirmfoto-2022-06-10-um-20.33.50-2.png","width":531,"height":350,"caption":"Soundbelt"},"image":{"@id":"https:\/\/soundbelt.de\/#\/schema\/logo\/image\/"},"sameAs":["https:\/\/www.instagram.com\/soundbelt.de\/"]}]}},"_links":{"self":[{"href":"https:\/\/soundbelt.de\/en\/wp-json\/wp\/v2\/pages\/21","targetHints":{"allow":["GET"]}}],"collection":[{"href":"https:\/\/soundbelt.de\/en\/wp-json\/wp\/v2\/pages"}],"about":[{"href":"https:\/\/soundbelt.de\/en\/wp-json\/wp\/v2\/types\/page"}],"author":[{"embeddable":true,"href":"https:\/\/soundbelt.de\/en\/wp-json\/wp\/v2\/users\/1"}],"replies":[{"embeddable":true,"href":"https:\/\/soundbelt.de\/en\/wp-json\/wp\/v2\/comments?post=21"}],"version-history":[{"count":9,"href":"https:\/\/soundbelt.de\/en\/wp-json\/wp\/v2\/pages\/21\/revisions"}],"predecessor-version":[{"id":671,"href":"https:\/\/soundbelt.de\/en\/wp-json\/wp\/v2\/pages\/21\/revisions\/671"}],"wp:attachment":[{"href":"https:\/\/soundbelt.de\/en\/wp-json\/wp\/v2\/media?parent=21"}],"curies":[{"name":"wp","href":"https:\/\/api.w.org\/{rel}","templated":true}]}}