{"id":284,"date":"2022-06-25T14:32:15","date_gmt":"2022-06-25T12:32:15","guid":{"rendered":"https:\/\/soundbelt.de\/?page_id=284"},"modified":"2022-09-08T13:42:43","modified_gmt":"2022-09-08T11:42:43","slug":"widerrufsrecht-und-ausschluss-des-widerrufs-bei-verbrauchervertraegen","status":"publish","type":"page","link":"https:\/\/soundbelt.de\/en\/widerrufsrecht-und-ausschluss-des-widerrufs-bei-verbrauchervertraegen\/","title":{"rendered":"Right of withdrawal"},"content":{"rendered":"<h3 class=\"wp-block-heading\">-<\/h3>\n\n\n\n<p><strong class=\"\">Right of withdrawal<\/strong><\/p>\n\n\n\n<p>You have the right to withdraw from this contract within fourteen days without giving any reason. The withdrawal period is fourteen days from the day on which you or a third party named by you, who is not the carrier, has or has taken possession of the goods.<\/p>\n\n\n\n<p>To exercise your right of withdrawal, you must inform us (Noah B\u00f6ker, 22527Hamburg, Deutschland; info@soundbelt.de, phone: 0152 58457219) by means of a clear statement (eg a letter sent by mail, fax or e-mail) about your decision to revoke this contract. For this purpose, you may use the enclosed sample revocation form, which, however, is not mandatory.<\/p>\n\n\n\n<p>In order to comply with the withdrawal period, it is sufficient that you send the notification of the exercise of the right of withdrawal before the expiry of the withdrawal period.<\/p>\n\n\n\n<p><strong class=\"\">Consequences of the revocation<\/strong><\/p>\n\n\n\n<p>If you revoke this contract, we shall reimburse you all payments we have received from you, including delivery costs (with the exception of additional costs resulting from the fact that you have chosen a type of delivery other than the most favorable standard delivery offered by us), without undue delay and no later than within fourteen days from the day on which we received the notification of your revocation of this contract. For this repayment, we will use the same means of payment that you used for the original transaction, unless expressly agreed otherwise with you; in no case will you be charged any fees because of this repayment.\nWe may refuse to make a repayment until we have received the goods back or until you have provided proof that you have returned the goods, whichever is earlier<br class=\"\">Wir k\u00f6nnen die R\u00fcckzahlung verweigern, bis wir die Waren wieder zur\u00fcckerhalten haben oder bis Sie den Nachweis erbracht haben, dass Sie die Waren zur\u00fcckgesandt haben, je nachdem, welches der fr\u00fchere Zeitpunkt ist<\/p>\n\n\n\n<p>You must return the goods immediately and in any case no later than fourteen days from the day on which you notify us of the cancellation of this contract to us or to<\/p>\n\n\n\n<p>Noah B\u00f6ker<br>22527 Hamburg,\nGermany<\/p>\n\n\n\n<p>The deadline is met if you send the goods before the expiry of the period of fourteen days.<br class=\"\">You shall bear the direct costs of returning the goods.<\/p>\n\n\n\n<p>You will only have to pay for any loss in value of the goods if this loss in value is due to your handling the goods in a way that is not necessary for the inspection of the condition, properties and functioning of the goods.<\/p>\n\n\n\n<p><strong class=\"\">Sample cancellation form<\/strong><\/p>\n\n\n\n<p><em>(If you want to cancel the contract, please fill out this form and send it back).<\/em><\/p>\n\n\n\n<p>- To Noah B\u00f6ker, Jaguarstieg 28, 22527 Hamburg, info@soundbelt.de<\/p>\n\n\n\n<p>- Herewith I\/we (*) revoke the contract concluded by me\/us (*) for the purchase of the following\ngoods (*)\/the provision of the following service (*)<br class=\"\">Waren (*)\/die Erbringung der folgenden Dienstleistung (*)<\/p>\n\n\n\n<p>- Ordered on (*)\/received on (*)<\/p>\n\n\n\n<p>- Name of the consumer(s)<\/p>\n\n\n\n<p>- Address of the consumer(s)<\/p>\n\n\n\n<p>- Signature of consumer(s) (only in case of paper communication)<\/p>\n\n\n\n<p>\u2013 Date<\/p>\n\n\n\n<p><em>(*) Delete where not applicable.<\/em><\/p>\n\n\n\n<h3 class=\"wp-block-heading\"><\/h3>\n\n\n\n<h3 class=\"wp-block-heading\">Returns<\/h3>\n\n\n\n<p>The modalities specified in this section \"Returns\" are not a prerequisite for the effective exercise of the right of withdrawal in accordance with the section \"Right of withdrawal and exclusion of withdrawal from consumer contracts\".<\/p>\n\n\n\n<p>Consumers are asked to notify the seller [via info@soundbelt.de] before returning the goods in order to announce the return. In this way, they enable the seller to allocate the products as quickly as possible.<a class=\"\" href=\"mailto:info@juststickit.de\"><\/a>], um die R\u00fccksendung anzuk\u00fcndigen. Auf diese Weise erm\u00f6glichen sie dem Verk\u00e4ufer eine schnellstm\u00f6gliche Zuordnung der Produkte.<\/p>\n\n\n\n<p>Consumers are asked to return the goods to the seller as a prepaid package and keep the receipt.<\/p>\n\n\n\n<p>Consumers are asked to avoid damage or contamination of the goods. If possible, the goods should be returned to the seller in the original packaging with all accessories. If the original packaging is no longer in the possession of the consumer, other suitable packaging should be used to ensure adequate protection against damage in transit and to avoid any claims for damages due to inadequate packaging.<\/p>","protected":false},"excerpt":{"rendered":"<p>Widerrufsbelehrung Widerrufsrecht Sie haben das Recht, binnen vierzehn Tagen ohne Angabe von Gr\u00fcnden diesen Vertrag zu widerrufen. Die Widerrufsfrist betr\u00e4gt vierzehn Tage ab dem Tag, an dem Sie oder ein von Ihnen benannter Dritter, der nicht der Bef\u00f6rderer ist, die Waren in Besitz genommen haben bzw. hat. Um Ihr Widerrufsrecht auszu\u00fcben, m\u00fcssen Sie uns (Noah&hellip;&nbsp;<a href=\"https:\/\/soundbelt.de\/en\/widerrufsrecht-und-ausschluss-des-widerrufs-bei-verbrauchervertraegen\/\" class=\"\" rel=\"bookmark\">Read More &raquo;<span class=\"screen-reader-text\">Right of withdrawal<\/span><\/a><\/p>","protected":false},"author":1,"featured_media":0,"parent":0,"menu_order":0,"comment_status":"closed","ping_status":"closed","template":"","meta":{"om_disable_all_campaigns":false,"_monsterinsights_skip_tracking":false,"_monsterinsights_sitenote_active":false,"_monsterinsights_sitenote_note":"","_monsterinsights_sitenote_category":0,"_uf_show_specific_survey":0,"_uf_disable_surveys":false,"neve_meta_sidebar":"","neve_meta_container":"","neve_meta_enable_content_width":"","neve_meta_content_width":0,"neve_meta_title_alignment":"","neve_meta_author_avatar":"","neve_post_elements_order":"","neve_meta_disable_header":"","neve_meta_disable_footer":"","neve_meta_disable_title":"","spay_email":"","footnotes":""},"class_list":["post-284","page","type-page","status-publish","hentry"],"aioseo_notices":[],"yoast_head":"<!-- This site is optimized with the Yoast SEO plugin v27.3 - https:\/\/yoast.com\/product\/yoast-seo-wordpress\/ -->\n<title>Widerrufsrecht und Ausschluss des Widerrufs bei Verbrauchervertr\u00e4gen - Soundbelt<\/title>\n<meta name=\"robots\" content=\"noindex, nofollow\" \/>\n<meta property=\"og:locale\" content=\"en_GB\" \/>\n<meta property=\"og:type\" content=\"article\" \/>\n<meta property=\"og:title\" content=\"Widerrufsrecht und Ausschluss des Widerrufs bei Verbrauchervertr\u00e4gen - Soundbelt\" \/>\n<meta property=\"og:description\" content=\"Widerrufsbelehrung Widerrufsrecht Sie haben das Recht, binnen vierzehn Tagen ohne Angabe von Gr\u00fcnden diesen Vertrag zu widerrufen. Die Widerrufsfrist betr\u00e4gt vierzehn Tage ab dem Tag, an dem Sie oder ein von Ihnen benannter Dritter, der nicht der Bef\u00f6rderer ist, die Waren in Besitz genommen haben bzw. hat. Um Ihr Widerrufsrecht auszu\u00fcben, m\u00fcssen Sie uns (Noah&hellip;&nbsp;Read More &raquo;Widerrufsrecht und Ausschluss des Widerrufs bei Verbrauchervertr\u00e4gen\" \/>\n<meta property=\"og:url\" content=\"https:\/\/soundbelt.de\/en\/widerrufsrecht-und-ausschluss-des-widerrufs-bei-verbrauchervertraegen\/\" \/>\n<meta property=\"og:site_name\" content=\"Soundbelt\" \/>\n<meta property=\"article:modified_time\" content=\"2022-09-08T11:42:43+00:00\" \/>\n<meta name=\"twitter:card\" content=\"summary_large_image\" \/>\n<meta name=\"twitter:label1\" content=\"Estimated reading time\" \/>\n\t<meta name=\"twitter:data1\" content=\"4 minutes\" \/>\n<script type=\"application\/ld+json\" class=\"yoast-schema-graph\">{\"@context\":\"https:\\\/\\\/schema.org\",\"@graph\":[{\"@type\":\"WebPage\",\"@id\":\"https:\\\/\\\/soundbelt.de\\\/widerrufsrecht-und-ausschluss-des-widerrufs-bei-verbrauchervertraegen\\\/\",\"url\":\"https:\\\/\\\/soundbelt.de\\\/widerrufsrecht-und-ausschluss-des-widerrufs-bei-verbrauchervertraegen\\\/\",\"name\":\"Widerrufsrecht und Ausschluss des Widerrufs bei Verbrauchervertr\u00e4gen - Soundbelt\",\"isPartOf\":{\"@id\":\"https:\\\/\\\/soundbelt.de\\\/#website\"},\"datePublished\":\"2022-06-25T12:32:15+00:00\",\"dateModified\":\"2022-09-08T11:42:43+00:00\",\"breadcrumb\":{\"@id\":\"https:\\\/\\\/soundbelt.de\\\/widerrufsrecht-und-ausschluss-des-widerrufs-bei-verbrauchervertraegen\\\/#breadcrumb\"},\"inLanguage\":\"en-GB\",\"potentialAction\":[{\"@type\":\"ReadAction\",\"target\":[\"https:\\\/\\\/soundbelt.de\\\/widerrufsrecht-und-ausschluss-des-widerrufs-bei-verbrauchervertraegen\\\/\"]}]},{\"@type\":\"BreadcrumbList\",\"@id\":\"https:\\\/\\\/soundbelt.de\\\/widerrufsrecht-und-ausschluss-des-widerrufs-bei-verbrauchervertraegen\\\/#breadcrumb\",\"itemListElement\":[{\"@type\":\"ListItem\",\"position\":1,\"name\":\"Startseite\",\"item\":\"https:\\\/\\\/soundbelt.de\\\/\"},{\"@type\":\"ListItem\",\"position\":2,\"name\":\"Widerrufsrecht und Ausschluss des Widerrufs bei Verbrauchervertr\u00e4gen\"}]},{\"@type\":\"WebSite\",\"@id\":\"https:\\\/\\\/soundbelt.de\\\/#website\",\"url\":\"https:\\\/\\\/soundbelt.de\\\/\",\"name\":\"Soundbelt\",\"description\":\"\",\"publisher\":{\"@id\":\"https:\\\/\\\/soundbelt.de\\\/#organization\"},\"potentialAction\":[{\"@type\":\"SearchAction\",\"target\":{\"@type\":\"EntryPoint\",\"urlTemplate\":\"https:\\\/\\\/soundbelt.de\\\/?s={search_term_string}\"},\"query-input\":{\"@type\":\"PropertyValueSpecification\",\"valueRequired\":true,\"valueName\":\"search_term_string\"}}],\"inLanguage\":\"en-GB\"},{\"@type\":\"Organization\",\"@id\":\"https:\\\/\\\/soundbelt.de\\\/#organization\",\"name\":\"Soundbelt\",\"url\":\"https:\\\/\\\/soundbelt.de\\\/\",\"logo\":{\"@type\":\"ImageObject\",\"inLanguage\":\"en-GB\",\"@id\":\"https:\\\/\\\/soundbelt.de\\\/#\\\/schema\\\/logo\\\/image\\\/\",\"url\":\"https:\\\/\\\/soundbelt.de\\\/wp-content\\\/uploads\\\/2022\\\/06\\\/Bildschirmfoto-2022-06-10-um-20.33.50-2.png\",\"contentUrl\":\"https:\\\/\\\/soundbelt.de\\\/wp-content\\\/uploads\\\/2022\\\/06\\\/Bildschirmfoto-2022-06-10-um-20.33.50-2.png\",\"width\":531,\"height\":350,\"caption\":\"Soundbelt\"},\"image\":{\"@id\":\"https:\\\/\\\/soundbelt.de\\\/#\\\/schema\\\/logo\\\/image\\\/\"},\"sameAs\":[\"https:\\\/\\\/www.instagram.com\\\/soundbelt.de\\\/\"]}]}<\/script>\n<!-- \/ Yoast SEO plugin. -->","yoast_head_json":{"title":"Widerrufsrecht und Ausschluss des Widerrufs bei Verbrauchervertr\u00e4gen - Soundbelt","robots":{"index":"noindex","follow":"nofollow"},"og_locale":"en_GB","og_type":"article","og_title":"Widerrufsrecht und Ausschluss des Widerrufs bei Verbrauchervertr\u00e4gen - Soundbelt","og_description":"Widerrufsbelehrung Widerrufsrecht Sie haben das Recht, binnen vierzehn Tagen ohne Angabe von Gr\u00fcnden diesen Vertrag zu widerrufen. Die Widerrufsfrist betr\u00e4gt vierzehn Tage ab dem Tag, an dem Sie oder ein von Ihnen benannter Dritter, der nicht der Bef\u00f6rderer ist, die Waren in Besitz genommen haben bzw. hat. Um Ihr Widerrufsrecht auszu\u00fcben, m\u00fcssen Sie uns (Noah&hellip;&nbsp;Read More &raquo;Widerrufsrecht und Ausschluss des Widerrufs bei Verbrauchervertr\u00e4gen","og_url":"https:\/\/soundbelt.de\/en\/widerrufsrecht-und-ausschluss-des-widerrufs-bei-verbrauchervertraegen\/","og_site_name":"Soundbelt","article_modified_time":"2022-09-08T11:42:43+00:00","twitter_card":"summary_large_image","twitter_misc":{"Estimated reading time":"4 minutes"},"schema":{"@context":"https:\/\/schema.org","@graph":[{"@type":"WebPage","@id":"https:\/\/soundbelt.de\/widerrufsrecht-und-ausschluss-des-widerrufs-bei-verbrauchervertraegen\/","url":"https:\/\/soundbelt.de\/widerrufsrecht-und-ausschluss-des-widerrufs-bei-verbrauchervertraegen\/","name":"Widerrufsrecht und Ausschluss des Widerrufs bei Verbrauchervertr\u00e4gen - Soundbelt","isPartOf":{"@id":"https:\/\/soundbelt.de\/#website"},"datePublished":"2022-06-25T12:32:15+00:00","dateModified":"2022-09-08T11:42:43+00:00","breadcrumb":{"@id":"https:\/\/soundbelt.de\/widerrufsrecht-und-ausschluss-des-widerrufs-bei-verbrauchervertraegen\/#breadcrumb"},"inLanguage":"en-GB","potentialAction":[{"@type":"ReadAction","target":["https:\/\/soundbelt.de\/widerrufsrecht-und-ausschluss-des-widerrufs-bei-verbrauchervertraegen\/"]}]},{"@type":"BreadcrumbList","@id":"https:\/\/soundbelt.de\/widerrufsrecht-und-ausschluss-des-widerrufs-bei-verbrauchervertraegen\/#breadcrumb","itemListElement":[{"@type":"ListItem","position":1,"name":"Startseite","item":"https:\/\/soundbelt.de\/"},{"@type":"ListItem","position":2,"name":"Widerrufsrecht und Ausschluss des Widerrufs bei Verbrauchervertr\u00e4gen"}]},{"@type":"WebSite","@id":"https:\/\/soundbelt.de\/#website","url":"https:\/\/soundbelt.de\/","name":"Soundbelt","description":"","publisher":{"@id":"https:\/\/soundbelt.de\/#organization"},"potentialAction":[{"@type":"SearchAction","target":{"@type":"EntryPoint","urlTemplate":"https:\/\/soundbelt.de\/?s={search_term_string}"},"query-input":{"@type":"PropertyValueSpecification","valueRequired":true,"valueName":"search_term_string"}}],"inLanguage":"en-GB"},{"@type":"Organization","@id":"https:\/\/soundbelt.de\/#organization","name":"Soundbelt","url":"https:\/\/soundbelt.de\/","logo":{"@type":"ImageObject","inLanguage":"en-GB","@id":"https:\/\/soundbelt.de\/#\/schema\/logo\/image\/","url":"https:\/\/soundbelt.de\/wp-content\/uploads\/2022\/06\/Bildschirmfoto-2022-06-10-um-20.33.50-2.png","contentUrl":"https:\/\/soundbelt.de\/wp-content\/uploads\/2022\/06\/Bildschirmfoto-2022-06-10-um-20.33.50-2.png","width":531,"height":350,"caption":"Soundbelt"},"image":{"@id":"https:\/\/soundbelt.de\/#\/schema\/logo\/image\/"},"sameAs":["https:\/\/www.instagram.com\/soundbelt.de\/"]}]}},"_links":{"self":[{"href":"https:\/\/soundbelt.de\/en\/wp-json\/wp\/v2\/pages\/284","targetHints":{"allow":["GET"]}}],"collection":[{"href":"https:\/\/soundbelt.de\/en\/wp-json\/wp\/v2\/pages"}],"about":[{"href":"https:\/\/soundbelt.de\/en\/wp-json\/wp\/v2\/types\/page"}],"author":[{"embeddable":true,"href":"https:\/\/soundbelt.de\/en\/wp-json\/wp\/v2\/users\/1"}],"replies":[{"embeddable":true,"href":"https:\/\/soundbelt.de\/en\/wp-json\/wp\/v2\/comments?post=284"}],"version-history":[{"count":3,"href":"https:\/\/soundbelt.de\/en\/wp-json\/wp\/v2\/pages\/284\/revisions"}],"predecessor-version":[{"id":424,"href":"https:\/\/soundbelt.de\/en\/wp-json\/wp\/v2\/pages\/284\/revisions\/424"}],"wp:attachment":[{"href":"https:\/\/soundbelt.de\/en\/wp-json\/wp\/v2\/media?parent=284"}],"curies":[{"name":"wp","href":"https:\/\/api.w.org\/{rel}","templated":true}]}}