{"id":398,"date":"2022-09-06T12:07:24","date_gmt":"2022-09-06T10:07:24","guid":{"rendered":"https:\/\/soundbelt.de\/?page_id=398"},"modified":"2026-02-03T22:03:51","modified_gmt":"2026-02-03T21:03:51","slug":"unsere-story","status":"publish","type":"page","link":"https:\/\/soundbelt.de\/en\/unsere-story\/","title":{"rendered":"Our story"},"content":{"rendered":"<div class=\"wp-block-media-text alignwide is-stacked-on-mobile\" style=\"grid-template-columns:33% auto\"><figure class=\"wp-block-media-text__media\"><img loading=\"lazy\" decoding=\"async\" width=\"782\" height=\"1024\" src=\"https:\/\/soundbelt.de\/wp-content\/uploads\/2026\/02\/IMG_0751-e1770152558841-782x1024.png\" alt=\"\" class=\"wp-image-917 size-full\" srcset=\"https:\/\/soundbelt.de\/wp-content\/uploads\/2026\/02\/IMG_0751-e1770152558841-782x1024.png 782w, https:\/\/soundbelt.de\/wp-content\/uploads\/2026\/02\/IMG_0751-e1770152558841-229x300.png 229w, https:\/\/soundbelt.de\/wp-content\/uploads\/2026\/02\/IMG_0751-e1770152558841-768x1006.png 768w, https:\/\/soundbelt.de\/wp-content\/uploads\/2026\/02\/IMG_0751-e1770152558841-9x12.png 9w, https:\/\/soundbelt.de\/wp-content\/uploads\/2026\/02\/IMG_0751-e1770152558841-600x786.png 600w, https:\/\/soundbelt.de\/wp-content\/uploads\/2026\/02\/IMG_0751-e1770152558841.png 1170w\" sizes=\"auto, (max-width: 782px) 100vw, 782px\" \/><\/figure><div class=\"wp-block-media-text__content\">\n<p>&#8222;Die Idee zu Soundbelt kam mir an einem Sommerabend, den ich mit Freunden im Park verbracht habe. Wir hatten eine Soundboks Go dabei \u2013 aber keinen Tragegurt daf\u00fcr. Das wurde uns sp\u00e4ter zum Verh\u00e4ngnis: Wir hatten die Musik etwas lauter aufgedreht \u2013 wie man eben eine Soundboks benutzt. Dann kam die Polizei und wollte die einkassieren \u2013 ziemlich bl\u00f6d wenn man nicht wegrennen kann weil das Ding so unhandlich ist. Nachdem wir uns die Soundboks von der Polizei wiedergeholt hatten, kam mir die Idee: ich mache mir meinen eigenen Tragegurt f\u00fcr die Soundboks Go. Den gab es n\u00e4mlich noch nicht \u2013 zumindest als Backpack. Und der Gurt von Soundboks selbst war mir zu teuer (ich lege mein Geld lieber in Kaltgetr\u00e4nken an). Mit Soundbelt kommt ihr nicht nur g\u00fcnstiger sondern auch bequemer in den Park \u2013 und schneller wieder zur\u00fcck, egal, wer euch auf den Fersen ist. \u00dcbrigens: Die ersten Gurte habe ich mit der N\u00e4hmaschine meiner Mutter zusammengen\u00e4ht. Wir fanden aber beide, dass uns das nicht gl\u00fccklich macht. Daher habe ich jetzt eine tolle N\u00e4herei in meiner Nachbarschaft gefunden, mit der ich zusammenarbeite, um euch die beste Qualit\u00e4t zu garantieren!&#8220;<\/p>\n\n\n\n<p>Noah B\u00f6ker, founder of Soundbelt<\/p>\n<\/div><\/div>","protected":false},"excerpt":{"rendered":"<p>&#8222;Die Idee zu Soundbelt kam mir an einem Sommerabend, den ich mit Freunden im Park verbracht habe. Wir hatten eine Soundboks Go dabei \u2013 aber keinen Tragegurt daf\u00fcr. Das wurde uns sp\u00e4ter zum Verh\u00e4ngnis: Wir hatten die Musik etwas lauter aufgedreht \u2013 wie man eben eine Soundboks benutzt. Dann kam die Polizei und wollte die&hellip;&nbsp;<a href=\"https:\/\/soundbelt.de\/en\/unsere-story\/\" class=\"\" rel=\"bookmark\">Read More &raquo;<span class=\"screen-reader-text\">Our story<\/span><\/a><\/p>","protected":false},"author":1,"featured_media":0,"parent":0,"menu_order":0,"comment_status":"closed","ping_status":"closed","template":"","meta":{"om_disable_all_campaigns":false,"_monsterinsights_skip_tracking":false,"_monsterinsights_sitenote_active":false,"_monsterinsights_sitenote_note":"","_monsterinsights_sitenote_category":0,"_uf_show_specific_survey":0,"_uf_disable_surveys":false,"neve_meta_sidebar":"full-width","neve_meta_container":"default","neve_meta_enable_content_width":"off","neve_meta_content_width":70,"neve_meta_title_alignment":"left","neve_meta_author_avatar":"","neve_post_elements_order":"","neve_meta_disable_header":"","neve_meta_disable_footer":"","neve_meta_disable_title":"","spay_email":"","footnotes":""},"class_list":["post-398","page","type-page","status-publish","hentry"],"aioseo_notices":[],"yoast_head":"<!-- This site is optimized with the Yoast SEO plugin v27.3 - https:\/\/yoast.com\/product\/yoast-seo-wordpress\/ -->\n<title>Unsere Story - Soundbelt<\/title>\n<meta name=\"description\" content=\"Die Story hinter Soundbelt. Noah B\u00f6ker erz\u00e4hlt, wie er auf die Idee gekommen ist, einen neuen Tragegurt f\u00fcr die Soundboks Go zu entwickeln!\" \/>\n<meta name=\"robots\" content=\"index, follow, max-snippet:-1, max-image-preview:large, max-video-preview:-1\" \/>\n<link rel=\"canonical\" href=\"https:\/\/soundbelt.de\/en\/unsere-story\/\" \/>\n<meta property=\"og:locale\" content=\"en_GB\" \/>\n<meta property=\"og:type\" content=\"article\" \/>\n<meta property=\"og:title\" content=\"Unsere Story - Soundbelt\" \/>\n<meta property=\"og:description\" content=\"Die Story hinter Soundbelt. Noah B\u00f6ker erz\u00e4hlt, wie er auf die Idee gekommen ist, einen neuen Tragegurt f\u00fcr die Soundboks Go zu entwickeln!\" \/>\n<meta property=\"og:url\" content=\"https:\/\/soundbelt.de\/en\/unsere-story\/\" \/>\n<meta property=\"og:site_name\" content=\"Soundbelt\" \/>\n<meta property=\"article:modified_time\" content=\"2026-02-03T21:03:51+00:00\" \/>\n<meta name=\"twitter:card\" content=\"summary_large_image\" \/>\n<meta name=\"twitter:image\" content=\"https:\/\/soundbelt.de\/wp-content\/uploads\/2026\/02\/IMG_0751-e1770152558841.png\" \/>\n<meta name=\"twitter:label1\" content=\"Estimated reading time\" \/>\n\t<meta name=\"twitter:data1\" content=\"2 minutes\" \/>\n<script type=\"application\/ld+json\" class=\"yoast-schema-graph\">{\"@context\":\"https:\\\/\\\/schema.org\",\"@graph\":[{\"@type\":\"WebPage\",\"@id\":\"https:\\\/\\\/soundbelt.de\\\/unsere-story\\\/\",\"url\":\"https:\\\/\\\/soundbelt.de\\\/unsere-story\\\/\",\"name\":\"Unsere Story - Soundbelt\",\"isPartOf\":{\"@id\":\"https:\\\/\\\/soundbelt.de\\\/#website\"},\"primaryImageOfPage\":{\"@id\":\"https:\\\/\\\/soundbelt.de\\\/unsere-story\\\/#primaryimage\"},\"image\":{\"@id\":\"https:\\\/\\\/soundbelt.de\\\/unsere-story\\\/#primaryimage\"},\"thumbnailUrl\":\"https:\\\/\\\/soundbelt.de\\\/wp-content\\\/uploads\\\/2026\\\/02\\\/IMG_0751-e1770152558841-782x1024.png\",\"datePublished\":\"2022-09-06T10:07:24+00:00\",\"dateModified\":\"2026-02-03T21:03:51+00:00\",\"description\":\"Die Story hinter Soundbelt. Noah B\u00f6ker erz\u00e4hlt, wie er auf die Idee gekommen ist, einen neuen Tragegurt f\u00fcr die Soundboks Go zu entwickeln!\",\"breadcrumb\":{\"@id\":\"https:\\\/\\\/soundbelt.de\\\/unsere-story\\\/#breadcrumb\"},\"inLanguage\":\"en-GB\",\"potentialAction\":[{\"@type\":\"ReadAction\",\"target\":[\"https:\\\/\\\/soundbelt.de\\\/unsere-story\\\/\"]}]},{\"@type\":\"ImageObject\",\"inLanguage\":\"en-GB\",\"@id\":\"https:\\\/\\\/soundbelt.de\\\/unsere-story\\\/#primaryimage\",\"url\":\"https:\\\/\\\/soundbelt.de\\\/wp-content\\\/uploads\\\/2026\\\/02\\\/IMG_0751-e1770152558841-782x1024.png\",\"contentUrl\":\"https:\\\/\\\/soundbelt.de\\\/wp-content\\\/uploads\\\/2026\\\/02\\\/IMG_0751-e1770152558841-782x1024.png\"},{\"@type\":\"BreadcrumbList\",\"@id\":\"https:\\\/\\\/soundbelt.de\\\/unsere-story\\\/#breadcrumb\",\"itemListElement\":[{\"@type\":\"ListItem\",\"position\":1,\"name\":\"Startseite\",\"item\":\"https:\\\/\\\/soundbelt.de\\\/\"},{\"@type\":\"ListItem\",\"position\":2,\"name\":\"Unsere Story\"}]},{\"@type\":\"WebSite\",\"@id\":\"https:\\\/\\\/soundbelt.de\\\/#website\",\"url\":\"https:\\\/\\\/soundbelt.de\\\/\",\"name\":\"Soundbelt\",\"description\":\"\",\"publisher\":{\"@id\":\"https:\\\/\\\/soundbelt.de\\\/#organization\"},\"potentialAction\":[{\"@type\":\"SearchAction\",\"target\":{\"@type\":\"EntryPoint\",\"urlTemplate\":\"https:\\\/\\\/soundbelt.de\\\/?s={search_term_string}\"},\"query-input\":{\"@type\":\"PropertyValueSpecification\",\"valueRequired\":true,\"valueName\":\"search_term_string\"}}],\"inLanguage\":\"en-GB\"},{\"@type\":\"Organization\",\"@id\":\"https:\\\/\\\/soundbelt.de\\\/#organization\",\"name\":\"Soundbelt\",\"url\":\"https:\\\/\\\/soundbelt.de\\\/\",\"logo\":{\"@type\":\"ImageObject\",\"inLanguage\":\"en-GB\",\"@id\":\"https:\\\/\\\/soundbelt.de\\\/#\\\/schema\\\/logo\\\/image\\\/\",\"url\":\"https:\\\/\\\/soundbelt.de\\\/wp-content\\\/uploads\\\/2022\\\/06\\\/Bildschirmfoto-2022-06-10-um-20.33.50-2.png\",\"contentUrl\":\"https:\\\/\\\/soundbelt.de\\\/wp-content\\\/uploads\\\/2022\\\/06\\\/Bildschirmfoto-2022-06-10-um-20.33.50-2.png\",\"width\":531,\"height\":350,\"caption\":\"Soundbelt\"},\"image\":{\"@id\":\"https:\\\/\\\/soundbelt.de\\\/#\\\/schema\\\/logo\\\/image\\\/\"},\"sameAs\":[\"https:\\\/\\\/www.instagram.com\\\/soundbelt.de\\\/\"]}]}<\/script>\n<!-- \/ Yoast SEO plugin. -->","yoast_head_json":{"title":"Unsere Story - Soundbelt","description":"Die Story hinter Soundbelt. Noah B\u00f6ker erz\u00e4hlt, wie er auf die Idee gekommen ist, einen neuen Tragegurt f\u00fcr die Soundboks Go zu entwickeln!","robots":{"index":"index","follow":"follow","max-snippet":"max-snippet:-1","max-image-preview":"max-image-preview:large","max-video-preview":"max-video-preview:-1"},"canonical":"https:\/\/soundbelt.de\/en\/unsere-story\/","og_locale":"en_GB","og_type":"article","og_title":"Unsere Story - Soundbelt","og_description":"Die Story hinter Soundbelt. Noah B\u00f6ker erz\u00e4hlt, wie er auf die Idee gekommen ist, einen neuen Tragegurt f\u00fcr die Soundboks Go zu entwickeln!","og_url":"https:\/\/soundbelt.de\/en\/unsere-story\/","og_site_name":"Soundbelt","article_modified_time":"2026-02-03T21:03:51+00:00","twitter_card":"summary_large_image","twitter_image":"https:\/\/soundbelt.de\/wp-content\/uploads\/2026\/02\/IMG_0751-e1770152558841.png","twitter_misc":{"Estimated reading time":"2 minutes"},"schema":{"@context":"https:\/\/schema.org","@graph":[{"@type":"WebPage","@id":"https:\/\/soundbelt.de\/unsere-story\/","url":"https:\/\/soundbelt.de\/unsere-story\/","name":"Unsere Story - Soundbelt","isPartOf":{"@id":"https:\/\/soundbelt.de\/#website"},"primaryImageOfPage":{"@id":"https:\/\/soundbelt.de\/unsere-story\/#primaryimage"},"image":{"@id":"https:\/\/soundbelt.de\/unsere-story\/#primaryimage"},"thumbnailUrl":"https:\/\/soundbelt.de\/wp-content\/uploads\/2026\/02\/IMG_0751-e1770152558841-782x1024.png","datePublished":"2022-09-06T10:07:24+00:00","dateModified":"2026-02-03T21:03:51+00:00","description":"Die Story hinter Soundbelt. Noah B\u00f6ker erz\u00e4hlt, wie er auf die Idee gekommen ist, einen neuen Tragegurt f\u00fcr die Soundboks Go zu entwickeln!","breadcrumb":{"@id":"https:\/\/soundbelt.de\/unsere-story\/#breadcrumb"},"inLanguage":"en-GB","potentialAction":[{"@type":"ReadAction","target":["https:\/\/soundbelt.de\/unsere-story\/"]}]},{"@type":"ImageObject","inLanguage":"en-GB","@id":"https:\/\/soundbelt.de\/unsere-story\/#primaryimage","url":"https:\/\/soundbelt.de\/wp-content\/uploads\/2026\/02\/IMG_0751-e1770152558841-782x1024.png","contentUrl":"https:\/\/soundbelt.de\/wp-content\/uploads\/2026\/02\/IMG_0751-e1770152558841-782x1024.png"},{"@type":"BreadcrumbList","@id":"https:\/\/soundbelt.de\/unsere-story\/#breadcrumb","itemListElement":[{"@type":"ListItem","position":1,"name":"Startseite","item":"https:\/\/soundbelt.de\/"},{"@type":"ListItem","position":2,"name":"Unsere Story"}]},{"@type":"WebSite","@id":"https:\/\/soundbelt.de\/#website","url":"https:\/\/soundbelt.de\/","name":"Soundbelt","description":"","publisher":{"@id":"https:\/\/soundbelt.de\/#organization"},"potentialAction":[{"@type":"SearchAction","target":{"@type":"EntryPoint","urlTemplate":"https:\/\/soundbelt.de\/?s={search_term_string}"},"query-input":{"@type":"PropertyValueSpecification","valueRequired":true,"valueName":"search_term_string"}}],"inLanguage":"en-GB"},{"@type":"Organization","@id":"https:\/\/soundbelt.de\/#organization","name":"Soundbelt","url":"https:\/\/soundbelt.de\/","logo":{"@type":"ImageObject","inLanguage":"en-GB","@id":"https:\/\/soundbelt.de\/#\/schema\/logo\/image\/","url":"https:\/\/soundbelt.de\/wp-content\/uploads\/2022\/06\/Bildschirmfoto-2022-06-10-um-20.33.50-2.png","contentUrl":"https:\/\/soundbelt.de\/wp-content\/uploads\/2022\/06\/Bildschirmfoto-2022-06-10-um-20.33.50-2.png","width":531,"height":350,"caption":"Soundbelt"},"image":{"@id":"https:\/\/soundbelt.de\/#\/schema\/logo\/image\/"},"sameAs":["https:\/\/www.instagram.com\/soundbelt.de\/"]}]}},"_links":{"self":[{"href":"https:\/\/soundbelt.de\/en\/wp-json\/wp\/v2\/pages\/398","targetHints":{"allow":["GET"]}}],"collection":[{"href":"https:\/\/soundbelt.de\/en\/wp-json\/wp\/v2\/pages"}],"about":[{"href":"https:\/\/soundbelt.de\/en\/wp-json\/wp\/v2\/types\/page"}],"author":[{"embeddable":true,"href":"https:\/\/soundbelt.de\/en\/wp-json\/wp\/v2\/users\/1"}],"replies":[{"embeddable":true,"href":"https:\/\/soundbelt.de\/en\/wp-json\/wp\/v2\/comments?post=398"}],"version-history":[{"count":9,"href":"https:\/\/soundbelt.de\/en\/wp-json\/wp\/v2\/pages\/398\/revisions"}],"predecessor-version":[{"id":919,"href":"https:\/\/soundbelt.de\/en\/wp-json\/wp\/v2\/pages\/398\/revisions\/919"}],"wp:attachment":[{"href":"https:\/\/soundbelt.de\/en\/wp-json\/wp\/v2\/media?parent=398"}],"curies":[{"name":"wp","href":"https:\/\/api.w.org\/{rel}","templated":true}]}}