{"id":496,"date":"2022-10-25T09:17:56","date_gmt":"2022-10-25T07:17:56","guid":{"rendered":"https:\/\/soundbelt.de\/?post_type=product&#038;p=496"},"modified":"2025-12-02T13:58:45","modified_gmt":"2025-12-02T12:58:45","slug":"soundbelt-pro-schwarz","status":"publish","type":"product","link":"https:\/\/soundbelt.de\/en\/product\/soundbelt-pro-schwarz\/","title":{"rendered":"Soundbelt pro black"},"content":{"rendered":"<p>We think: Soundboks stands for mobility. And making the Soundboks portable should not cost you 130\u20ac! With the all new Soundbelt Pro, you get a Backpack with many features, so you can finally lift your Soundboks 2\/3 for not more that 79,99\u20ac. Our high-quality backpack is designed to maximize comfort: It is based on a metal construction encased with cushion pads. Due to its breadth, your Soundboks has optimal grip on your back. And: Just like our other product, the Soundbelt Pro is also individually adjustable and easy to handle. We made no compromises on this one. Convince yourself and buy now!*<\/p>","protected":false},"excerpt":{"rendered":"<p>Wir finden: Soundboks steht f\u00fcr Mobilit\u00e4t. Bl\u00f6d nur, wenn man sich die teuer erkaufen muss. Damit ist jetzt Schluss. Mit dem Soundbelt pro bekommst du ein Tragesystem, was es in sich hat \u2013 und das endlich auch f\u00fcr die gro\u00dfe Soundboks! Unser hochwertiges Tragegestell basiert auf einer mit Polstern ummantelten Metallkonstruktion. Das gibt dir maximalen&hellip;&nbsp;<a href=\"https:\/\/soundbelt.de\/en\/product\/soundbelt-pro-schwarz\/\" class=\"\" rel=\"bookmark\">Read More &raquo;<span class=\"screen-reader-text\">Soundbelt pro black<\/span><\/a><\/p>","protected":false},"featured_media":512,"template":"","meta":{"om_disable_all_campaigns":false,"_monsterinsights_skip_tracking":false,"_monsterinsights_sitenote_active":false,"_monsterinsights_sitenote_note":"","_monsterinsights_sitenote_category":0,"_uf_show_specific_survey":0,"_uf_disable_surveys":false,"neve_meta_sidebar":"","neve_meta_container":"","neve_meta_enable_content_width":"off","neve_meta_content_width":100,"neve_meta_title_alignment":"","neve_meta_author_avatar":"","neve_post_elements_order":"","neve_meta_disable_header":"","neve_meta_disable_footer":"","neve_meta_disable_title":"","spay_email":""},"product_cat":[49],"product_tag":[],"class_list":["post-496","product","type-product","status-publish","has-post-thumbnail","hentry","product_cat-soundbelt-fuer-soundboks-2-3","product_shipping_class-1095-e"],"aioseo_notices":[],"yoast_head":"<!-- This site is optimized with the Yoast SEO plugin v27.3 - https:\/\/yoast.com\/product\/yoast-seo-wordpress\/ -->\n<title>Soundbelt pro schwarz - Soundbelt<\/title>\n<meta name=\"robots\" content=\"index, follow, max-snippet:-1, max-image-preview:large, max-video-preview:-1\" \/>\n<link rel=\"canonical\" href=\"https:\/\/soundbelt.de\/en\/product\/soundbelt-pro-schwarz\/\" \/>\n<meta property=\"og:locale\" content=\"en_GB\" \/>\n<meta property=\"og:type\" content=\"article\" \/>\n<meta property=\"og:title\" content=\"Soundbelt pro schwarz - Soundbelt\" \/>\n<meta property=\"og:description\" content=\"Wir finden: Soundboks steht f\u00fcr Mobilit\u00e4t. Bl\u00f6d nur, wenn man sich die teuer erkaufen muss. Damit ist jetzt Schluss. Mit dem Soundbelt pro bekommst du ein Tragesystem, was es in sich hat \u2013 und das endlich auch f\u00fcr die gro\u00dfe Soundboks! Unser hochwertiges Tragegestell basiert auf einer mit Polstern ummantelten Metallkonstruktion. Das gibt dir maximalen&hellip;&nbsp;Read More &raquo;Soundbelt pro schwarz\" \/>\n<meta property=\"og:url\" content=\"https:\/\/soundbelt.de\/en\/product\/soundbelt-pro-schwarz\/\" \/>\n<meta property=\"og:site_name\" content=\"Soundbelt\" \/>\n<meta property=\"article:modified_time\" content=\"2025-12-02T12:58:45+00:00\" \/>\n<meta property=\"og:image\" content=\"https:\/\/soundbelt.de\/wp-content\/uploads\/2022\/10\/soundbeltpro2-scaled.jpeg\" \/>\n\t<meta property=\"og:image:width\" content=\"2560\" \/>\n\t<meta property=\"og:image:height\" content=\"2560\" \/>\n\t<meta property=\"og:image:type\" content=\"image\/jpeg\" \/>\n<meta name=\"twitter:card\" content=\"summary_large_image\" \/>\n<meta name=\"twitter:label1\" content=\"Estimated reading time\" \/>\n\t<meta name=\"twitter:data1\" content=\"1 minute\" \/>\n<script type=\"application\/ld+json\" class=\"yoast-schema-graph\">{\"@context\":\"https:\\\/\\\/schema.org\",\"@graph\":[{\"@type\":\"WebPage\",\"@id\":\"https:\\\/\\\/soundbelt.de\\\/produkt\\\/soundbelt-pro-schwarz\\\/\",\"url\":\"https:\\\/\\\/soundbelt.de\\\/produkt\\\/soundbelt-pro-schwarz\\\/\",\"name\":\"Soundbelt pro schwarz - Soundbelt\",\"isPartOf\":{\"@id\":\"https:\\\/\\\/soundbelt.de\\\/#website\"},\"primaryImageOfPage\":{\"@id\":\"https:\\\/\\\/soundbelt.de\\\/produkt\\\/soundbelt-pro-schwarz\\\/#primaryimage\"},\"image\":{\"@id\":\"https:\\\/\\\/soundbelt.de\\\/produkt\\\/soundbelt-pro-schwarz\\\/#primaryimage\"},\"thumbnailUrl\":\"https:\\\/\\\/soundbelt.de\\\/wp-content\\\/uploads\\\/2022\\\/10\\\/soundbeltpro2-scaled.jpeg\",\"datePublished\":\"2022-10-25T07:17:56+00:00\",\"dateModified\":\"2025-12-02T12:58:45+00:00\",\"breadcrumb\":{\"@id\":\"https:\\\/\\\/soundbelt.de\\\/produkt\\\/soundbelt-pro-schwarz\\\/#breadcrumb\"},\"inLanguage\":\"en-GB\",\"potentialAction\":[{\"@type\":\"ReadAction\",\"target\":[\"https:\\\/\\\/soundbelt.de\\\/produkt\\\/soundbelt-pro-schwarz\\\/\"]}]},{\"@type\":\"ImageObject\",\"inLanguage\":\"en-GB\",\"@id\":\"https:\\\/\\\/soundbelt.de\\\/produkt\\\/soundbelt-pro-schwarz\\\/#primaryimage\",\"url\":\"https:\\\/\\\/soundbelt.de\\\/wp-content\\\/uploads\\\/2022\\\/10\\\/soundbeltpro2-scaled.jpeg\",\"contentUrl\":\"https:\\\/\\\/soundbelt.de\\\/wp-content\\\/uploads\\\/2022\\\/10\\\/soundbeltpro2-scaled.jpeg\",\"width\":2560,\"height\":2560},{\"@type\":\"BreadcrumbList\",\"@id\":\"https:\\\/\\\/soundbelt.de\\\/produkt\\\/soundbelt-pro-schwarz\\\/#breadcrumb\",\"itemListElement\":[{\"@type\":\"ListItem\",\"position\":1,\"name\":\"Startseite\",\"item\":\"https:\\\/\\\/soundbelt.de\\\/\"},{\"@type\":\"ListItem\",\"position\":2,\"name\":\"Shop\",\"item\":\"https:\\\/\\\/soundbelt.de\\\/shop\\\/\"},{\"@type\":\"ListItem\",\"position\":3,\"name\":\"Soundbelt pro schwarz\"}]},{\"@type\":\"WebSite\",\"@id\":\"https:\\\/\\\/soundbelt.de\\\/#website\",\"url\":\"https:\\\/\\\/soundbelt.de\\\/\",\"name\":\"Soundbelt\",\"description\":\"\",\"publisher\":{\"@id\":\"https:\\\/\\\/soundbelt.de\\\/#organization\"},\"potentialAction\":[{\"@type\":\"SearchAction\",\"target\":{\"@type\":\"EntryPoint\",\"urlTemplate\":\"https:\\\/\\\/soundbelt.de\\\/?s={search_term_string}\"},\"query-input\":{\"@type\":\"PropertyValueSpecification\",\"valueRequired\":true,\"valueName\":\"search_term_string\"}}],\"inLanguage\":\"en-GB\"},{\"@type\":\"Organization\",\"@id\":\"https:\\\/\\\/soundbelt.de\\\/#organization\",\"name\":\"Soundbelt\",\"url\":\"https:\\\/\\\/soundbelt.de\\\/\",\"logo\":{\"@type\":\"ImageObject\",\"inLanguage\":\"en-GB\",\"@id\":\"https:\\\/\\\/soundbelt.de\\\/#\\\/schema\\\/logo\\\/image\\\/\",\"url\":\"https:\\\/\\\/soundbelt.de\\\/wp-content\\\/uploads\\\/2022\\\/06\\\/Bildschirmfoto-2022-06-10-um-20.33.50-2.png\",\"contentUrl\":\"https:\\\/\\\/soundbelt.de\\\/wp-content\\\/uploads\\\/2022\\\/06\\\/Bildschirmfoto-2022-06-10-um-20.33.50-2.png\",\"width\":531,\"height\":350,\"caption\":\"Soundbelt\"},\"image\":{\"@id\":\"https:\\\/\\\/soundbelt.de\\\/#\\\/schema\\\/logo\\\/image\\\/\"},\"sameAs\":[\"https:\\\/\\\/www.instagram.com\\\/soundbelt.de\\\/\"]}]}<\/script>\n<!-- \/ Yoast SEO plugin. -->","yoast_head_json":{"title":"Soundbelt pro schwarz - Soundbelt","robots":{"index":"index","follow":"follow","max-snippet":"max-snippet:-1","max-image-preview":"max-image-preview:large","max-video-preview":"max-video-preview:-1"},"canonical":"https:\/\/soundbelt.de\/en\/product\/soundbelt-pro-schwarz\/","og_locale":"en_GB","og_type":"article","og_title":"Soundbelt pro schwarz - Soundbelt","og_description":"Wir finden: Soundboks steht f\u00fcr Mobilit\u00e4t. Bl\u00f6d nur, wenn man sich die teuer erkaufen muss. Damit ist jetzt Schluss. Mit dem Soundbelt pro bekommst du ein Tragesystem, was es in sich hat \u2013 und das endlich auch f\u00fcr die gro\u00dfe Soundboks! Unser hochwertiges Tragegestell basiert auf einer mit Polstern ummantelten Metallkonstruktion. Das gibt dir maximalen&hellip;&nbsp;Read More &raquo;Soundbelt pro schwarz","og_url":"https:\/\/soundbelt.de\/en\/product\/soundbelt-pro-schwarz\/","og_site_name":"Soundbelt","article_modified_time":"2025-12-02T12:58:45+00:00","og_image":[{"width":2560,"height":2560,"url":"https:\/\/soundbelt.de\/wp-content\/uploads\/2022\/10\/soundbeltpro2-scaled.jpeg","type":"image\/jpeg"}],"twitter_card":"summary_large_image","twitter_misc":{"Estimated reading time":"1 minute"},"schema":{"@context":"https:\/\/schema.org","@graph":[{"@type":"WebPage","@id":"https:\/\/soundbelt.de\/produkt\/soundbelt-pro-schwarz\/","url":"https:\/\/soundbelt.de\/produkt\/soundbelt-pro-schwarz\/","name":"Soundbelt pro schwarz - Soundbelt","isPartOf":{"@id":"https:\/\/soundbelt.de\/#website"},"primaryImageOfPage":{"@id":"https:\/\/soundbelt.de\/produkt\/soundbelt-pro-schwarz\/#primaryimage"},"image":{"@id":"https:\/\/soundbelt.de\/produkt\/soundbelt-pro-schwarz\/#primaryimage"},"thumbnailUrl":"https:\/\/soundbelt.de\/wp-content\/uploads\/2022\/10\/soundbeltpro2-scaled.jpeg","datePublished":"2022-10-25T07:17:56+00:00","dateModified":"2025-12-02T12:58:45+00:00","breadcrumb":{"@id":"https:\/\/soundbelt.de\/produkt\/soundbelt-pro-schwarz\/#breadcrumb"},"inLanguage":"en-GB","potentialAction":[{"@type":"ReadAction","target":["https:\/\/soundbelt.de\/produkt\/soundbelt-pro-schwarz\/"]}]},{"@type":"ImageObject","inLanguage":"en-GB","@id":"https:\/\/soundbelt.de\/produkt\/soundbelt-pro-schwarz\/#primaryimage","url":"https:\/\/soundbelt.de\/wp-content\/uploads\/2022\/10\/soundbeltpro2-scaled.jpeg","contentUrl":"https:\/\/soundbelt.de\/wp-content\/uploads\/2022\/10\/soundbeltpro2-scaled.jpeg","width":2560,"height":2560},{"@type":"BreadcrumbList","@id":"https:\/\/soundbelt.de\/produkt\/soundbelt-pro-schwarz\/#breadcrumb","itemListElement":[{"@type":"ListItem","position":1,"name":"Startseite","item":"https:\/\/soundbelt.de\/"},{"@type":"ListItem","position":2,"name":"Shop","item":"https:\/\/soundbelt.de\/shop\/"},{"@type":"ListItem","position":3,"name":"Soundbelt pro schwarz"}]},{"@type":"WebSite","@id":"https:\/\/soundbelt.de\/#website","url":"https:\/\/soundbelt.de\/","name":"Soundbelt","description":"","publisher":{"@id":"https:\/\/soundbelt.de\/#organization"},"potentialAction":[{"@type":"SearchAction","target":{"@type":"EntryPoint","urlTemplate":"https:\/\/soundbelt.de\/?s={search_term_string}"},"query-input":{"@type":"PropertyValueSpecification","valueRequired":true,"valueName":"search_term_string"}}],"inLanguage":"en-GB"},{"@type":"Organization","@id":"https:\/\/soundbelt.de\/#organization","name":"Soundbelt","url":"https:\/\/soundbelt.de\/","logo":{"@type":"ImageObject","inLanguage":"en-GB","@id":"https:\/\/soundbelt.de\/#\/schema\/logo\/image\/","url":"https:\/\/soundbelt.de\/wp-content\/uploads\/2022\/06\/Bildschirmfoto-2022-06-10-um-20.33.50-2.png","contentUrl":"https:\/\/soundbelt.de\/wp-content\/uploads\/2022\/06\/Bildschirmfoto-2022-06-10-um-20.33.50-2.png","width":531,"height":350,"caption":"Soundbelt"},"image":{"@id":"https:\/\/soundbelt.de\/#\/schema\/logo\/image\/"},"sameAs":["https:\/\/www.instagram.com\/soundbelt.de\/"]}]}},"_links":{"self":[{"href":"https:\/\/soundbelt.de\/en\/wp-json\/wp\/v2\/product\/496","targetHints":{"allow":["GET"]}}],"collection":[{"href":"https:\/\/soundbelt.de\/en\/wp-json\/wp\/v2\/product"}],"about":[{"href":"https:\/\/soundbelt.de\/en\/wp-json\/wp\/v2\/types\/product"}],"wp:featuredmedia":[{"embeddable":true,"href":"https:\/\/soundbelt.de\/en\/wp-json\/wp\/v2\/media\/512"}],"wp:attachment":[{"href":"https:\/\/soundbelt.de\/en\/wp-json\/wp\/v2\/media?parent=496"}],"wp:term":[{"taxonomy":"product_cat","embeddable":true,"href":"https:\/\/soundbelt.de\/en\/wp-json\/wp\/v2\/product_cat?post=496"},{"taxonomy":"product_tag","embeddable":true,"href":"https:\/\/soundbelt.de\/en\/wp-json\/wp\/v2\/product_tag?post=496"}],"curies":[{"name":"wp","href":"https:\/\/api.w.org\/{rel}","templated":true}]}}