{"id":830,"date":"2024-05-05T19:56:42","date_gmt":"2024-05-05T17:56:42","guid":{"rendered":"https:\/\/soundbelt.de\/?post_type=product&#038;p=830"},"modified":"2024-06-04T16:00:33","modified_gmt":"2024-06-04T14:00:33","slug":"soundbelt-premium-blau-limited-edition","status":"publish","type":"product","link":"https:\/\/soundbelt.de\/en\/product\/soundbelt-premium-blau-limited-edition\/","title":{"rendered":"Soundbelt premium blau (Limited Edition)"},"content":{"rendered":"<p>Der Soundbelt ist nicht nur die g\u00fcnstigste M\u00f6glichkeit, deine Soundboks Go einfach einfach von A nach B zu transportieren, sondern bietet auch einen entscheidenden Vorteil: statt \u00fcber der Schulter kannst du die Soundboks Go jetzt einfach als Backpack auf den R\u00fccken schnallen. Die Basic-Variante von Soundbelt ist in schwarz erh\u00e4ltlich und ist dein treuer Begleiter, wenn es darum geht, die Soundboks mobil zu machen! Der Soundbelt Premium ist f\u00fcr alle, die nicht nur geh\u00f6rt, sondern auch gesehen werden wollen. Den Soundbelt Premium gibt es in 4 knalligen Farbvarianten, mit denen du garantiert nicht \u00fcbersehen wirst!<\/p>\n<p>Nur diesen Monat und nur solange der Vorrat reicht: der Soundbelt premium in blau!<\/p>","protected":false},"excerpt":{"rendered":"<p>Der Soundbelt ist nicht nur die g\u00fcnstigste M\u00f6glichkeit, deine Soundboks Go einfach einfach von A nach B zu transportieren, sondern bietet auch einen entscheidenden Vorteil: statt \u00fcber der Schulter kannst du die Soundboks Go jetzt einfach als Backpack auf den R\u00fccken schnallen. Die Basic-Variante von Soundbelt ist in schwarz erh\u00e4ltlich und ist dein treuer Begleiter,&hellip;&nbsp;<a href=\"https:\/\/soundbelt.de\/en\/product\/soundbelt-premium-blau-limited-edition\/\" class=\"\" rel=\"bookmark\">Read More &raquo;<span class=\"screen-reader-text\">Soundbelt premium blau (Limited Edition)<\/span><\/a><\/p>","protected":false},"featured_media":831,"template":"","meta":{"om_disable_all_campaigns":false,"_monsterinsights_skip_tracking":false,"_monsterinsights_sitenote_active":false,"_monsterinsights_sitenote_note":"","_monsterinsights_sitenote_category":0,"_uf_show_specific_survey":0,"_uf_disable_surveys":false,"neve_meta_sidebar":"","neve_meta_container":"","neve_meta_enable_content_width":"off","neve_meta_content_width":100,"neve_meta_title_alignment":"","neve_meta_author_avatar":"","neve_post_elements_order":"","neve_meta_disable_header":"","neve_meta_disable_footer":"","neve_meta_disable_title":"","spay_email":""},"product_cat":[48],"product_tag":[],"class_list":["post-830","product","type-product","status-publish","has-post-thumbnail","hentry","product_cat-soundbelt-premium"],"aioseo_notices":[],"yoast_head":"<!-- This site is optimized with the Yoast SEO plugin v27.3 - https:\/\/yoast.com\/product\/yoast-seo-wordpress\/ -->\n<title>Soundbelt premium blau (Limited Edition) - Soundbelt<\/title>\n<meta name=\"robots\" content=\"index, follow, max-snippet:-1, max-image-preview:large, max-video-preview:-1\" \/>\n<link rel=\"canonical\" href=\"https:\/\/soundbelt.de\/en\/product\/soundbelt-premium-blau-limited-edition\/\" \/>\n<meta property=\"og:locale\" content=\"en_GB\" \/>\n<meta property=\"og:type\" content=\"article\" \/>\n<meta property=\"og:title\" content=\"Soundbelt premium blau (Limited Edition) - Soundbelt\" \/>\n<meta property=\"og:description\" content=\"Der Soundbelt ist nicht nur die g\u00fcnstigste M\u00f6glichkeit, deine Soundboks Go einfach einfach von A nach B zu transportieren, sondern bietet auch einen entscheidenden Vorteil: statt \u00fcber der Schulter kannst du die Soundboks Go jetzt einfach als Backpack auf den R\u00fccken schnallen. Die Basic-Variante von Soundbelt ist in schwarz erh\u00e4ltlich und ist dein treuer Begleiter,&hellip;&nbsp;Read More &raquo;Soundbelt premium blau (Limited Edition)\" \/>\n<meta property=\"og:url\" content=\"https:\/\/soundbelt.de\/en\/product\/soundbelt-premium-blau-limited-edition\/\" \/>\n<meta property=\"og:site_name\" content=\"Soundbelt\" \/>\n<meta property=\"article:modified_time\" content=\"2024-06-04T14:00:33+00:00\" \/>\n<meta property=\"og:image\" content=\"https:\/\/soundbelt.de\/wp-content\/uploads\/2024\/05\/soundbelt-basic-limited-edition.png\" \/>\n\t<meta property=\"og:image:width\" content=\"1054\" \/>\n\t<meta property=\"og:image:height\" content=\"1054\" \/>\n\t<meta property=\"og:image:type\" content=\"image\/png\" \/>\n<meta name=\"twitter:card\" content=\"summary_large_image\" \/>\n<meta name=\"twitter:label1\" content=\"Estimated reading time\" \/>\n\t<meta name=\"twitter:data1\" content=\"1 minute\" \/>\n<script type=\"application\/ld+json\" class=\"yoast-schema-graph\">{\"@context\":\"https:\\\/\\\/schema.org\",\"@graph\":[{\"@type\":\"WebPage\",\"@id\":\"https:\\\/\\\/soundbelt.de\\\/produkt\\\/soundbelt-premium-blau-limited-edition\\\/\",\"url\":\"https:\\\/\\\/soundbelt.de\\\/produkt\\\/soundbelt-premium-blau-limited-edition\\\/\",\"name\":\"Soundbelt premium blau (Limited Edition) - Soundbelt\",\"isPartOf\":{\"@id\":\"https:\\\/\\\/soundbelt.de\\\/#website\"},\"primaryImageOfPage\":{\"@id\":\"https:\\\/\\\/soundbelt.de\\\/produkt\\\/soundbelt-premium-blau-limited-edition\\\/#primaryimage\"},\"image\":{\"@id\":\"https:\\\/\\\/soundbelt.de\\\/produkt\\\/soundbelt-premium-blau-limited-edition\\\/#primaryimage\"},\"thumbnailUrl\":\"https:\\\/\\\/soundbelt.de\\\/wp-content\\\/uploads\\\/2024\\\/05\\\/soundbelt-basic-limited-edition.png\",\"datePublished\":\"2024-05-05T17:56:42+00:00\",\"dateModified\":\"2024-06-04T14:00:33+00:00\",\"breadcrumb\":{\"@id\":\"https:\\\/\\\/soundbelt.de\\\/produkt\\\/soundbelt-premium-blau-limited-edition\\\/#breadcrumb\"},\"inLanguage\":\"en-GB\",\"potentialAction\":[{\"@type\":\"ReadAction\",\"target\":[\"https:\\\/\\\/soundbelt.de\\\/produkt\\\/soundbelt-premium-blau-limited-edition\\\/\"]}]},{\"@type\":\"ImageObject\",\"inLanguage\":\"en-GB\",\"@id\":\"https:\\\/\\\/soundbelt.de\\\/produkt\\\/soundbelt-premium-blau-limited-edition\\\/#primaryimage\",\"url\":\"https:\\\/\\\/soundbelt.de\\\/wp-content\\\/uploads\\\/2024\\\/05\\\/soundbelt-basic-limited-edition.png\",\"contentUrl\":\"https:\\\/\\\/soundbelt.de\\\/wp-content\\\/uploads\\\/2024\\\/05\\\/soundbelt-basic-limited-edition.png\",\"width\":1054,\"height\":1054},{\"@type\":\"BreadcrumbList\",\"@id\":\"https:\\\/\\\/soundbelt.de\\\/produkt\\\/soundbelt-premium-blau-limited-edition\\\/#breadcrumb\",\"itemListElement\":[{\"@type\":\"ListItem\",\"position\":1,\"name\":\"Startseite\",\"item\":\"https:\\\/\\\/soundbelt.de\\\/\"},{\"@type\":\"ListItem\",\"position\":2,\"name\":\"Shop\",\"item\":\"https:\\\/\\\/soundbelt.de\\\/shop\\\/\"},{\"@type\":\"ListItem\",\"position\":3,\"name\":\"Soundbelt premium blau (Limited Edition)\"}]},{\"@type\":\"WebSite\",\"@id\":\"https:\\\/\\\/soundbelt.de\\\/#website\",\"url\":\"https:\\\/\\\/soundbelt.de\\\/\",\"name\":\"Soundbelt\",\"description\":\"\",\"publisher\":{\"@id\":\"https:\\\/\\\/soundbelt.de\\\/#organization\"},\"potentialAction\":[{\"@type\":\"SearchAction\",\"target\":{\"@type\":\"EntryPoint\",\"urlTemplate\":\"https:\\\/\\\/soundbelt.de\\\/?s={search_term_string}\"},\"query-input\":{\"@type\":\"PropertyValueSpecification\",\"valueRequired\":true,\"valueName\":\"search_term_string\"}}],\"inLanguage\":\"en-GB\"},{\"@type\":\"Organization\",\"@id\":\"https:\\\/\\\/soundbelt.de\\\/#organization\",\"name\":\"Soundbelt\",\"url\":\"https:\\\/\\\/soundbelt.de\\\/\",\"logo\":{\"@type\":\"ImageObject\",\"inLanguage\":\"en-GB\",\"@id\":\"https:\\\/\\\/soundbelt.de\\\/#\\\/schema\\\/logo\\\/image\\\/\",\"url\":\"https:\\\/\\\/soundbelt.de\\\/wp-content\\\/uploads\\\/2022\\\/06\\\/Bildschirmfoto-2022-06-10-um-20.33.50-2.png\",\"contentUrl\":\"https:\\\/\\\/soundbelt.de\\\/wp-content\\\/uploads\\\/2022\\\/06\\\/Bildschirmfoto-2022-06-10-um-20.33.50-2.png\",\"width\":531,\"height\":350,\"caption\":\"Soundbelt\"},\"image\":{\"@id\":\"https:\\\/\\\/soundbelt.de\\\/#\\\/schema\\\/logo\\\/image\\\/\"},\"sameAs\":[\"https:\\\/\\\/www.instagram.com\\\/soundbelt.de\\\/\"]}]}<\/script>\n<!-- \/ Yoast SEO plugin. -->","yoast_head_json":{"title":"Soundbelt premium blau (Limited Edition) - Soundbelt","robots":{"index":"index","follow":"follow","max-snippet":"max-snippet:-1","max-image-preview":"max-image-preview:large","max-video-preview":"max-video-preview:-1"},"canonical":"https:\/\/soundbelt.de\/en\/product\/soundbelt-premium-blau-limited-edition\/","og_locale":"en_GB","og_type":"article","og_title":"Soundbelt premium blau (Limited Edition) - Soundbelt","og_description":"Der Soundbelt ist nicht nur die g\u00fcnstigste M\u00f6glichkeit, deine Soundboks Go einfach einfach von A nach B zu transportieren, sondern bietet auch einen entscheidenden Vorteil: statt \u00fcber der Schulter kannst du die Soundboks Go jetzt einfach als Backpack auf den R\u00fccken schnallen. Die Basic-Variante von Soundbelt ist in schwarz erh\u00e4ltlich und ist dein treuer Begleiter,&hellip;&nbsp;Read More &raquo;Soundbelt premium blau (Limited Edition)","og_url":"https:\/\/soundbelt.de\/en\/product\/soundbelt-premium-blau-limited-edition\/","og_site_name":"Soundbelt","article_modified_time":"2024-06-04T14:00:33+00:00","og_image":[{"width":1054,"height":1054,"url":"https:\/\/soundbelt.de\/wp-content\/uploads\/2024\/05\/soundbelt-basic-limited-edition.png","type":"image\/png"}],"twitter_card":"summary_large_image","twitter_misc":{"Estimated reading time":"1 minute"},"schema":{"@context":"https:\/\/schema.org","@graph":[{"@type":"WebPage","@id":"https:\/\/soundbelt.de\/produkt\/soundbelt-premium-blau-limited-edition\/","url":"https:\/\/soundbelt.de\/produkt\/soundbelt-premium-blau-limited-edition\/","name":"Soundbelt premium blau (Limited Edition) - Soundbelt","isPartOf":{"@id":"https:\/\/soundbelt.de\/#website"},"primaryImageOfPage":{"@id":"https:\/\/soundbelt.de\/produkt\/soundbelt-premium-blau-limited-edition\/#primaryimage"},"image":{"@id":"https:\/\/soundbelt.de\/produkt\/soundbelt-premium-blau-limited-edition\/#primaryimage"},"thumbnailUrl":"https:\/\/soundbelt.de\/wp-content\/uploads\/2024\/05\/soundbelt-basic-limited-edition.png","datePublished":"2024-05-05T17:56:42+00:00","dateModified":"2024-06-04T14:00:33+00:00","breadcrumb":{"@id":"https:\/\/soundbelt.de\/produkt\/soundbelt-premium-blau-limited-edition\/#breadcrumb"},"inLanguage":"en-GB","potentialAction":[{"@type":"ReadAction","target":["https:\/\/soundbelt.de\/produkt\/soundbelt-premium-blau-limited-edition\/"]}]},{"@type":"ImageObject","inLanguage":"en-GB","@id":"https:\/\/soundbelt.de\/produkt\/soundbelt-premium-blau-limited-edition\/#primaryimage","url":"https:\/\/soundbelt.de\/wp-content\/uploads\/2024\/05\/soundbelt-basic-limited-edition.png","contentUrl":"https:\/\/soundbelt.de\/wp-content\/uploads\/2024\/05\/soundbelt-basic-limited-edition.png","width":1054,"height":1054},{"@type":"BreadcrumbList","@id":"https:\/\/soundbelt.de\/produkt\/soundbelt-premium-blau-limited-edition\/#breadcrumb","itemListElement":[{"@type":"ListItem","position":1,"name":"Startseite","item":"https:\/\/soundbelt.de\/"},{"@type":"ListItem","position":2,"name":"Shop","item":"https:\/\/soundbelt.de\/shop\/"},{"@type":"ListItem","position":3,"name":"Soundbelt premium blau (Limited Edition)"}]},{"@type":"WebSite","@id":"https:\/\/soundbelt.de\/#website","url":"https:\/\/soundbelt.de\/","name":"Soundbelt","description":"","publisher":{"@id":"https:\/\/soundbelt.de\/#organization"},"potentialAction":[{"@type":"SearchAction","target":{"@type":"EntryPoint","urlTemplate":"https:\/\/soundbelt.de\/?s={search_term_string}"},"query-input":{"@type":"PropertyValueSpecification","valueRequired":true,"valueName":"search_term_string"}}],"inLanguage":"en-GB"},{"@type":"Organization","@id":"https:\/\/soundbelt.de\/#organization","name":"Soundbelt","url":"https:\/\/soundbelt.de\/","logo":{"@type":"ImageObject","inLanguage":"en-GB","@id":"https:\/\/soundbelt.de\/#\/schema\/logo\/image\/","url":"https:\/\/soundbelt.de\/wp-content\/uploads\/2022\/06\/Bildschirmfoto-2022-06-10-um-20.33.50-2.png","contentUrl":"https:\/\/soundbelt.de\/wp-content\/uploads\/2022\/06\/Bildschirmfoto-2022-06-10-um-20.33.50-2.png","width":531,"height":350,"caption":"Soundbelt"},"image":{"@id":"https:\/\/soundbelt.de\/#\/schema\/logo\/image\/"},"sameAs":["https:\/\/www.instagram.com\/soundbelt.de\/"]}]}},"_links":{"self":[{"href":"https:\/\/soundbelt.de\/en\/wp-json\/wp\/v2\/product\/830","targetHints":{"allow":["GET"]}}],"collection":[{"href":"https:\/\/soundbelt.de\/en\/wp-json\/wp\/v2\/product"}],"about":[{"href":"https:\/\/soundbelt.de\/en\/wp-json\/wp\/v2\/types\/product"}],"wp:featuredmedia":[{"embeddable":true,"href":"https:\/\/soundbelt.de\/en\/wp-json\/wp\/v2\/media\/831"}],"wp:attachment":[{"href":"https:\/\/soundbelt.de\/en\/wp-json\/wp\/v2\/media?parent=830"}],"wp:term":[{"taxonomy":"product_cat","embeddable":true,"href":"https:\/\/soundbelt.de\/en\/wp-json\/wp\/v2\/product_cat?post=830"},{"taxonomy":"product_tag","embeddable":true,"href":"https:\/\/soundbelt.de\/en\/wp-json\/wp\/v2\/product_tag?post=830"}],"curies":[{"name":"wp","href":"https:\/\/api.w.org\/{rel}","templated":true}]}}